{"id":520,"date":"2022-09-11T22:06:57","date_gmt":"2022-09-12T01:06:57","guid":{"rendered":"http:\/\/143.106.227.196\/?page_id=520"},"modified":"2026-03-23T14:10:48","modified_gmt":"2026-03-23T17:10:48","slug":"diretrizes_pedagogicas","status":"publish","type":"page","link":"https:\/\/www.dedic.unicamp.br\/index.php\/diretrizes_pedagogicas\/","title":{"rendered":"Diretrizes Pedag\u00f3gicas"},"content":{"rendered":"<p>[et_pb_section fb_built=&#8221;1&#8243; fullwidth=&#8221;on&#8221; admin_label=&#8221;Hero&#8221; _builder_version=&#8221;4.27.4&#8243; _module_preset=&#8221;default&#8221; use_background_color_gradient=&#8221;on&#8221; background_color_gradient_direction=&#8221;90deg&#8221; background_color_gradient_stops=&#8221;#eeeff2 0%|rgba(238,239,242,0) 34%&#8221; background_color_gradient_overlays_image=&#8221;on&#8221; background_color_gradient_start=&#8221;#eeeff2&#8243; background_color_gradient_start_position=&#8221;33%&#8221; background_color_gradient_end=&#8221;rgba(238,239,242,0)&#8221; background_color_gradient_end_position=&#8221;52%&#8221; background_image=&#8221;https:\/\/www.dedic.unicamp.br\/wp-content\/uploads\/2025\/12\/diretrizes_pedagogicas.png&#8221; global_colors_info=&#8221;{}&#8221;][et_pb_fullwidth_header subhead=&#8221;DIRETRIZES PEDAG\u00d3GICAS&#8221; content_max_width=&#8221;600px&#8221; _builder_version=&#8221;4.17.4&#8243; _module_preset=&#8221;default&#8221; title_font=&#8221;Rubik|700||on|||||&#8221; title_text_color=&#8221;#ff7355&#8243; title_font_size=&#8221;16px&#8221; title_letter_spacing=&#8221;5px&#8221; title_line_height=&#8221;0.5em&#8221; content_font=&#8221;Rubik||||||||&#8221; content_font_size=&#8221;18px&#8221; subhead_font=&#8221;Rubik|700|||||||&#8221; subhead_text_color=&#8221;rgba(0,0,0,0.8)&#8221; subhead_font_size=&#8221;50px&#8221; subhead_line_height=&#8221;1.5em&#8221; background_color=&#8221;rgba(255,255,255,0)&#8221; use_background_color_gradient=&#8221;on&#8221; background_color_gradient_stops=&#8221;rgba(255,255,255,0) 50%|rgba(255,255,255,0.7) 100%&#8221; background_color_gradient_start=&#8221;rgba(255,255,255,0)&#8221; background_color_gradient_start_position=&#8221;50%&#8221; background_color_gradient_end=&#8221;rgba(255,255,255,0.7)&#8221; background_size=&#8221;contain&#8221; background_position=&#8221;bottom_center&#8221; custom_button_one=&#8221;on&#8221; button_one_text_size=&#8221;16px&#8221; button_one_text_color=&#8221;#ffffff&#8221; button_one_bg_color=&#8221;#ff7355&#8243; button_one_border_width=&#8221;15px&#8221; button_one_border_color=&#8221;rgba(210,159,104,0)&#8221; button_one_border_radius=&#8221;100px&#8221; button_one_letter_spacing=&#8221;0px&#8221; button_one_font=&#8221;Rubik|700|||||||&#8221; button_one_use_icon=&#8221;off&#8221; custom_button_two=&#8221;on&#8221; button_two_text_size=&#8221;16px&#8221; button_two_text_color=&#8221;#ffffff&#8221; button_two_bg_color=&#8221;rgba(0,0,0,0.6)&#8221; button_two_border_width=&#8221;15px&#8221; button_two_border_color=&#8221;rgba(210,159,104,0)&#8221; button_two_border_radius=&#8221;100px&#8221; button_two_letter_spacing=&#8221;0px&#8221; button_two_font=&#8221;Rubik|700|||||||&#8221; button_two_use_icon=&#8221;off&#8221; background_layout=&#8221;light&#8221; max_width_last_edited=&#8221;off|desktop&#8221; module_alignment=&#8221;center&#8221; custom_margin=&#8221;|||&#8221; custom_padding=&#8221;8vw||4vw|&#8221; subhead_font_size_tablet=&#8221;&#8221; subhead_font_size_phone=&#8221;30px&#8221; subhead_font_size_last_edited=&#8221;on|phone&#8221; button_one_border_radius_hover=&#8221;100px&#8221; button_two_border_radius_hover=&#8221;100px&#8221; button_one_bg_color_hover=&#8221;#ff8a70&#8243; button_two_bg_color_hover=&#8221;#ff8a70&#8243; global_colors_info=&#8221;{}&#8221; button_one_text_size__hover_enabled=&#8221;off&#8221; button_two_text_size__hover_enabled=&#8221;off&#8221; button_one_text_color__hover_enabled=&#8221;off&#8221; button_two_text_color__hover_enabled=&#8221;off&#8221; button_one_border_width__hover_enabled=&#8221;off&#8221; button_two_border_width__hover_enabled=&#8221;off&#8221; button_one_border_color__hover_enabled=&#8221;off&#8221; button_two_border_color__hover_enabled=&#8221;off&#8221; button_one_border_radius__hover_enabled=&#8221;on&#8221; button_one_border_radius__hover=&#8221;100px&#8221; button_two_border_radius__hover_enabled=&#8221;on&#8221; button_two_border_radius__hover=&#8221;100px&#8221; button_one_letter_spacing__hover_enabled=&#8221;off&#8221; button_two_letter_spacing__hover_enabled=&#8221;off&#8221; button_one_bg_color__hover_enabled=&#8221;on&#8221; button_one_bg_color__hover=&#8221;#ff8a70&#8243; button_two_bg_color__hover_enabled=&#8221;on&#8221; button_two_bg_color__hover=&#8221;#ff8a70&#8243;][\/et_pb_fullwidth_header][\/et_pb_section][et_pb_section fb_built=&#8221;1&#8243; module_id=&#8221;cad&#8221; _builder_version=&#8221;4.17.4&#8243; _module_preset=&#8221;default&#8221; background_color=&#8221;#DB147B&#8221; custom_padding=&#8221;||8px|||&#8221; global_colors_info=&#8221;{}&#8221;][\/et_pb_section][et_pb_section fb_built=&#8221;1&#8243; module_id=&#8221;normativa&#8221; _builder_version=&#8221;4.17.4&#8243; _module_preset=&#8221;default&#8221; background_color=&#8221;rgba(0,0,0,0.07)&#8221; global_colors_info=&#8221;{}&#8221;][et_pb_row _builder_version=&#8221;4.17.4&#8243; _module_preset=&#8221;default&#8221; global_colors_info=&#8221;{}&#8221;][et_pb_column type=&#8221;4_4&#8243; _builder_version=&#8221;4.17.4&#8243; _module_preset=&#8221;default&#8221; global_colors_info=&#8221;{}&#8221;][et_pb_text _builder_version=&#8221;4.17.4&#8243; _module_preset=&#8221;default&#8221; global_colors_info=&#8221;{}&#8221;]<\/p>\n<p style=\"font-weight: 400;\"><a href=\"http:\/\/143.106.227.196\/wp-content\/uploads\/2022\/06\/regimento_escolar.pdf\"><strong>DIRETRIZES PEDAG\u00d3GICAS<\/strong><\/a><\/p>\n<p style=\"font-weight: 400;\"><span style=\"color: rgba(0, 0, 0, 0.55);\"><a href=\"http:\/\/143.106.227.196\/wp-content\/uploads\/2022\/06\/regimento_escolar.pdf\" style=\"color: rgba(0, 0, 0, 0.55);\"><strong>\u00a0<\/strong><\/a><\/span><\/p>\n<p style=\"font-weight: 400;\"><span style=\"color: rgba(0, 0, 0, 0.55);\"><a href=\"http:\/\/143.106.227.196\/wp-content\/uploads\/2022\/06\/regimento_escolar.pdf\" style=\"color: rgba(0, 0, 0, 0.55);\">Estabele diretrizes para o funcionamento das Unidades Educacionais da DEdIC.<\/a><\/span><\/p>\n<p style=\"font-weight: 400;\"><span style=\"color: rgba(0, 0, 0, 0.55);\"><a href=\"http:\/\/143.106.227.196\/wp-content\/uploads\/2022\/06\/regimento_escolar.pdf\" style=\"color: rgba(0, 0, 0, 0.55);\">Regimento enviado \u00e0 Diretoria Leste \u2013 Secretaria de Educa\u00e7\u00e3o B\u00e1sica do Estado de S\u00e3o Paulo em 31\/08\/2017.<\/a><\/span><\/p>\n<p style=\"font-weight: 400;\"><span style=\"color: rgba(0, 0, 0, 0.55);\"><a href=\"http:\/\/143.106.227.196\/wp-content\/uploads\/2022\/06\/regimento_escolar.pdf\" style=\"color: rgba(0, 0, 0, 0.55);\">Aprovado em Reuni\u00e3o do Conselho Escolar da DEdIC em 30\/08\/2017.<\/a><\/span><\/p>\n<p style=\"font-weight: 400;\">\n<p style=\"font-weight: 400;\">\n<p>[\/et_pb_text][et_pb_button button_url=&#8221;http:\/\/dedic.unicamp.br\/wp-content\/uploads\/2023\/03\/Diretrizes_Pedagogicas_DEdIC_2022.pdf&#8221; url_new_window=&#8221;on&#8221; button_text=&#8221;Acessar as Diretrizes Pedag\u00f3gicas&#8221; _builder_version=&#8221;4.27.4&#8243; _module_preset=&#8221;default&#8221; global_colors_info=&#8221;{}&#8221;][\/et_pb_button][\/et_pb_column][\/et_pb_row][\/et_pb_section][et_pb_section fb_built=&#8221;1&#8243; _builder_version=&#8221;4.17.3&#8243; _module_preset=&#8221;default&#8221; min_height=&#8221;71.6px&#8221; custom_padding=&#8221;1px||3px|||&#8221; saved_tabs=&#8221;all&#8221; global_colors_info=&#8221;{}&#8221;][et_pb_row column_structure=&#8221;1_2,1_2&#8243; _builder_version=&#8221;4.17.3&#8243; _module_preset=&#8221;default&#8221; global_colors_info=&#8221;{}&#8221;][et_pb_column type=&#8221;1_2&#8243; _builder_version=&#8221;4.17.3&#8243; _module_preset=&#8221;default&#8221; global_colors_info=&#8221;{}&#8221;][et_pb_social_media_follow _builder_version=&#8221;4.21.0&#8243; _module_preset=&#8221;default&#8221; global_colors_info=&#8221;{}&#8221;][et_pb_social_media_follow_network _builder_version=&#8221;4.21.0&#8243; _module_preset=&#8221;default&#8221; global_colors_info=&#8221;{}&#8221; follow_button=&#8221;off&#8221; url_new_window=&#8221;on&#8221;][\/et_pb_social_media_follow_network][et_pb_social_media_follow_network _builder_version=&#8221;4.21.0&#8243; _module_preset=&#8221;default&#8221; global_colors_info=&#8221;{}&#8221; follow_button=&#8221;off&#8221; url_new_window=&#8221;on&#8221;][\/et_pb_social_media_follow_network][\/et_pb_social_media_follow][\/et_pb_column][et_pb_column type=&#8221;1_2&#8243; _builder_version=&#8221;4.17.3&#8243; _module_preset=&#8221;default&#8221; global_colors_info=&#8221;{}&#8221;][et_pb_text _builder_version=&#8221;4.21.0&#8243; _module_preset=&#8221;default&#8221; global_colors_info=&#8221;{}&#8221;]<\/p>\n<p class=\"rodape_endereco\"><b>Coordenadoria Geral: <\/b><a href=\"mailto:dedicdir@unicamp.br\" target=\"_blank\" rel=\"noopener\">dedicdir@unicamp.br\u00a0<\/a><\/p>\n<p class=\"rodape_endereco\"><b style=\"font-size: 14px;\">Telefone: (19) 3521-9035<\/b><\/p>\n<p>[\/et_pb_text][\/et_pb_column][\/et_pb_row][\/et_pb_section]<\/p>\n","protected":false},"excerpt":{"rendered":"<p>DIRETRIZES PEDAG\u00d3GICAS \u00a0 Estabele diretrizes para o funcionamento das Unidades Educacionais da DEdIC. Regimento enviado \u00e0 Diretoria Leste \u2013 Secretaria de Educa\u00e7\u00e3o B\u00e1sica do Estado de S\u00e3o Paulo em 31\/08\/2017. Aprovado em Reuni\u00e3o do Conselho Escolar da DEdIC em 30\/08\/2017. Coordenadoria Geral: dedicdir@unicamp.br\u00a0 Telefone: (19) 3521-9035<\/p>\n","protected":false},"author":2,"featured_media":0,"parent":0,"menu_order":0,"comment_status":"closed","ping_status":"closed","template":"","meta":{"_et_pb_use_builder":"on","_et_pb_old_content":"","_et_gb_content_width":"","om_disable_all_campaigns":false,"_monsterinsights_skip_tracking":false,"_monsterinsights_sitenote_active":false,"_monsterinsights_sitenote_note":"","_monsterinsights_sitenote_category":0,"footnotes":""},"class_list":["post-520","page","type-page","status-publish","hentry"],"aioseo_notices":[],"_links":{"self":[{"href":"https:\/\/www.dedic.unicamp.br\/index.php\/wp-json\/wp\/v2\/pages\/520","targetHints":{"allow":["GET"]}}],"collection":[{"href":"https:\/\/www.dedic.unicamp.br\/index.php\/wp-json\/wp\/v2\/pages"}],"about":[{"href":"https:\/\/www.dedic.unicamp.br\/index.php\/wp-json\/wp\/v2\/types\/page"}],"author":[{"embeddable":true,"href":"https:\/\/www.dedic.unicamp.br\/index.php\/wp-json\/wp\/v2\/users\/2"}],"replies":[{"embeddable":true,"href":"https:\/\/www.dedic.unicamp.br\/index.php\/wp-json\/wp\/v2\/comments?post=520"}],"version-history":[{"count":4,"href":"https:\/\/www.dedic.unicamp.br\/index.php\/wp-json\/wp\/v2\/pages\/520\/revisions"}],"predecessor-version":[{"id":6473,"href":"https:\/\/www.dedic.unicamp.br\/index.php\/wp-json\/wp\/v2\/pages\/520\/revisions\/6473"}],"wp:attachment":[{"href":"https:\/\/www.dedic.unicamp.br\/index.php\/wp-json\/wp\/v2\/media?parent=520"}],"curies":[{"name":"wp","href":"https:\/\/api.w.org\/{rel}","templated":true}]}}